{"id":989,"date":"2024-03-25T18:43:27","date_gmt":"2024-03-25T16:43:27","guid":{"rendered":"https:\/\/volteacommunities.com\/productes\/"},"modified":"2024-05-16T11:02:46","modified_gmt":"2024-05-16T09:02:46","slug":"productes","status":"publish","type":"page","link":"https:\/\/volteacommunities.com\/ca\/productes\/","title":{"rendered":"Productes"},"content":{"rendered":"\t\t<div data-elementor-type=\"wp-page\" data-elementor-id=\"989\" class=\"elementor elementor-989 elementor-686\" data-elementor-post-type=\"page\">\n\t\t\t\t\t\t<section class=\"elementor-section elementor-top-section elementor-element elementor-element-d593811 elementor-section-height-min-height elementor-section-boxed elementor-section-height-default elementor-section-items-middle\" data-id=\"d593811\" data-element_type=\"section\" data-e-type=\"section\" data-settings=\"{&quot;background_background&quot;:&quot;classic&quot;}\">\n\t\t\t\t\t\t\t<div class=\"elementor-background-overlay\"><\/div>\n\t\t\t\t\t\t\t<div class=\"elementor-container elementor-column-gap-default\">\n\t\t\t\t\t<div class=\"elementor-column elementor-col-100 elementor-top-column elementor-element elementor-element-6e7571e\" data-id=\"6e7571e\" data-element_type=\"column\" data-e-type=\"column\">\n\t\t\t<div class=\"elementor-widget-wrap elementor-element-populated\">\n\t\t\t\t\t\t<div class=\"elementor-element elementor-element-6f8587a elementor-widget__width-initial elementor-widget elementor-widget-heading\" data-id=\"6f8587a\" data-element_type=\"widget\" data-e-type=\"widget\" data-widget_type=\"heading.default\">\n\t\t\t\t<div class=\"elementor-widget-container\">\n\t\t\t\t\t<h1 class=\"elementor-heading-title elementor-size-default\">Productes voltea.<\/h1>\t\t\t\t<\/div>\n\t\t\t\t<\/div>\n\t\t\t\t\t<\/div>\n\t\t<\/div>\n\t\t\t\t\t<\/div>\n\t\t<\/section>\n\t\t\t\t<section class=\"elementor-section elementor-top-section elementor-element elementor-element-d1b67dc elementor-section-boxed elementor-section-height-default elementor-section-height-default\" data-id=\"d1b67dc\" data-element_type=\"section\" data-e-type=\"section\">\n\t\t\t\t\t\t<div class=\"elementor-container elementor-column-gap-default\">\n\t\t\t\t\t<div class=\"elementor-column elementor-col-100 elementor-top-column elementor-element elementor-element-a541f15\" data-id=\"a541f15\" data-element_type=\"column\" data-e-type=\"column\">\n\t\t\t<div class=\"elementor-widget-wrap elementor-element-populated\">\n\t\t\t\t\t\t<section class=\"elementor-section elementor-inner-section elementor-element elementor-element-8244c5e elementor-section-boxed elementor-section-height-default elementor-section-height-default\" data-id=\"8244c5e\" data-element_type=\"section\" data-e-type=\"section\">\n\t\t\t\t\t\t<div class=\"elementor-container elementor-column-gap-default\">\n\t\t\t\t\t<div class=\"elementor-column elementor-col-100 elementor-inner-column elementor-element elementor-element-95a0356 animated-slow elementor-invisible\" data-id=\"95a0356\" data-element_type=\"column\" data-e-type=\"column\" data-settings=\"{&quot;background_background&quot;:&quot;classic&quot;,&quot;animation&quot;:&quot;fadeIn&quot;}\">\n\t\t\t<div class=\"elementor-widget-wrap elementor-element-populated\">\n\t\t\t\t\t\t<div class=\"elementor-element elementor-element-a7160b6 elementor-widget elementor-widget-image\" data-id=\"a7160b6\" data-element_type=\"widget\" data-e-type=\"widget\" data-widget_type=\"image.default\">\n\t\t\t\t<div class=\"elementor-widget-container\">\n\t\t\t\t\t\t\t\t\t\t\t\t\t\t\t<img fetchpriority=\"high\" decoding=\"async\" width=\"800\" height=\"400\" src=\"https:\/\/volteacommunities.com\/wp-content\/uploads\/2024\/03\/producto-1024x512.jpg\" class=\"attachment-large size-large wp-image-673\" alt=\"\" srcset=\"https:\/\/volteacommunities.com\/wp-content\/uploads\/2024\/03\/producto-1024x512.jpg 1024w, https:\/\/volteacommunities.com\/wp-content\/uploads\/2024\/03\/producto-300x150.jpg 300w, https:\/\/volteacommunities.com\/wp-content\/uploads\/2024\/03\/producto-768x384.jpg 768w, https:\/\/volteacommunities.com\/wp-content\/uploads\/2024\/03\/producto.jpg 1200w\" sizes=\"(max-width: 800px) 100vw, 800px\" \/>\t\t\t\t\t\t\t\t\t\t\t\t\t\t\t<\/div>\n\t\t\t\t<\/div>\n\t\t\t\t<div class=\"elementor-element elementor-element-d3e2d9c elementor-widget elementor-widget-heading\" data-id=\"d3e2d9c\" data-element_type=\"widget\" data-e-type=\"widget\" data-widget_type=\"heading.default\">\n\t\t\t\t<div class=\"elementor-widget-container\">\n\t\t\t\t\t<h2 class=\"elementor-heading-title elementor-size-default\">Voltea Corporate.<\/h2>\t\t\t\t<\/div>\n\t\t\t\t<\/div>\n\t\t\t\t<div class=\"elementor-element elementor-element-6323c62 elementor-widget__width-initial elementor-widget elementor-widget-text-editor\" data-id=\"6323c62\" data-element_type=\"widget\" data-e-type=\"widget\" data-widget_type=\"text-editor.default\">\n\t\t\t\t<div class=\"elementor-widget-container\">\n\t\t\t\t\t\t\t\t\t<p>T&#8217;ajudem a crear una comunitat oberta a tota la teva organitzaci\u00f3. Amb Voltea Corporate no nom\u00e9s podr\u00e0s impulsar la innovaci\u00f3 interna, sin\u00f3 que detectar\u00e0s el talent dels teus treballadors, podr\u00e0s crear cultura d&#8217;innovaci\u00f3 i tra\u00e7ar tota la gesti\u00f3 dels processos d&#8217;innovaci\u00f3 de forma f\u00e0cil i efica\u00e7. Potencia la innovaci\u00f3 dins de la teva empresa utilitzant un espai exclusiu per llan\u00e7ar reptes, proposar idees i avaluar projectes sorgits de la col\u00b7laboraci\u00f3 entre diferents equips i departaments.<\/p>\n\t\t\t\t\t\t\t\t<\/div>\n\t\t\t\t<\/div>\n\t\t\t\t<div class=\"elementor-element elementor-element-8e41ca7 elementor-align-start elementor-widget__width-initial elementor-icon-list--layout-traditional elementor-list-item-link-full_width elementor-widget elementor-widget-icon-list\" data-id=\"8e41ca7\" data-element_type=\"widget\" data-e-type=\"widget\" data-widget_type=\"icon-list.default\">\n\t\t\t\t<div class=\"elementor-widget-container\">\n\t\t\t\t\t\t\t<ul class=\"elementor-icon-list-items\">\n\t\t\t\t\t\t\t<li class=\"elementor-icon-list-item\">\n\t\t\t\t\t\t\t\t\t\t\t<span class=\"elementor-icon-list-icon\">\n\t\t\t\t\t\t\t<i aria-hidden=\"true\" class=\"fas fa-check\"><\/i>\t\t\t\t\t\t<\/span>\n\t\t\t\t\t\t\t\t\t\t<span class=\"elementor-icon-list-text\">Llan\u00e7a reptes dins de la teva organitzaci\u00f3 per trobar respostes a problemes de forma interna.<\/span>\n\t\t\t\t\t\t\t\t\t<\/li>\n\t\t\t\t\t\t\t\t<li class=\"elementor-icon-list-item\">\n\t\t\t\t\t\t\t\t\t\t\t<span class=\"elementor-icon-list-icon\">\n\t\t\t\t\t\t\t<i aria-hidden=\"true\" class=\"fas fa-check\"><\/i>\t\t\t\t\t\t<\/span>\n\t\t\t\t\t\t\t\t\t\t<span class=\"elementor-icon-list-text\">Controla els processos d' evoluci\u00f3 de projectes i potencien l' acceleraci\u00f3.<\/span>\n\t\t\t\t\t\t\t\t\t<\/li>\n\t\t\t\t\t\t\t\t<li class=\"elementor-icon-list-item\">\n\t\t\t\t\t\t\t\t\t\t\t<span class=\"elementor-icon-list-icon\">\n\t\t\t\t\t\t\t<i aria-hidden=\"true\" class=\"fas fa-check\"><\/i>\t\t\t\t\t\t<\/span>\n\t\t\t\t\t\t\t\t\t\t<span class=\"elementor-icon-list-text\">Impulsa la interemprenent i posa en valor el talent de l' organitzaci\u00f3.<\/span>\n\t\t\t\t\t\t\t\t\t<\/li>\n\t\t\t\t\t\t<\/ul>\n\t\t\t\t\t\t<\/div>\n\t\t\t\t<\/div>\n\t\t\t\t<div class=\"elementor-element elementor-element-bff850a elementor-align-left elementor-widget__width-initial elementor-widget elementor-widget-button\" data-id=\"bff850a\" data-element_type=\"widget\" data-e-type=\"widget\" data-widget_type=\"button.default\">\n\t\t\t\t<div class=\"elementor-widget-container\">\n\t\t\t\t\t\t\t\t\t<div class=\"elementor-button-wrapper\">\n\t\t\t\t\t<a class=\"elementor-button elementor-button-link elementor-size-md\" href=\"https:\/\/volteacommunities.com\/ca\/contacte\/\">\n\t\t\t\t\t\t<span class=\"elementor-button-content-wrapper\">\n\t\t\t\t\t\t\t\t\t<span class=\"elementor-button-text\">Contactar<\/span>\n\t\t\t\t\t<\/span>\n\t\t\t\t\t<\/a>\n\t\t\t\t<\/div>\n\t\t\t\t\t\t\t\t<\/div>\n\t\t\t\t<\/div>\n\t\t\t\t\t<\/div>\n\t\t<\/div>\n\t\t\t\t\t<\/div>\n\t\t<\/section>\n\t\t\t\t\t<\/div>\n\t\t<\/div>\n\t\t\t\t\t<\/div>\n\t\t<\/section>\n\t\t\t\t<section class=\"elementor-section elementor-top-section elementor-element elementor-element-47859db Ecosystem elementor-section-boxed elementor-section-height-default elementor-section-height-default\" data-id=\"47859db\" data-element_type=\"section\" data-e-type=\"section\" id=\"Ecosystem\">\n\t\t\t\t\t\t<div class=\"elementor-container elementor-column-gap-default\">\n\t\t\t\t\t<div class=\"elementor-column elementor-col-100 elementor-top-column elementor-element elementor-element-8230a0b\" data-id=\"8230a0b\" data-element_type=\"column\" data-e-type=\"column\">\n\t\t\t<div class=\"elementor-widget-wrap elementor-element-populated\">\n\t\t\t\t\t\t<section class=\"elementor-section elementor-inner-section elementor-element elementor-element-c70bf80 elementor-section-boxed elementor-section-height-default elementor-section-height-default\" data-id=\"c70bf80\" data-element_type=\"section\" data-e-type=\"section\">\n\t\t\t\t\t\t<div class=\"elementor-container elementor-column-gap-default\">\n\t\t\t\t\t<div class=\"elementor-column elementor-col-100 elementor-inner-column elementor-element elementor-element-340a88e animated-slow elementor-invisible\" data-id=\"340a88e\" data-element_type=\"column\" data-e-type=\"column\" data-settings=\"{&quot;background_background&quot;:&quot;classic&quot;,&quot;animation&quot;:&quot;fadeIn&quot;}\">\n\t\t\t<div class=\"elementor-widget-wrap elementor-element-populated\">\n\t\t\t\t\t\t<div class=\"elementor-element elementor-element-188f17d elementor-widget elementor-widget-image\" data-id=\"188f17d\" data-element_type=\"widget\" data-e-type=\"widget\" data-widget_type=\"image.default\">\n\t\t\t\t<div class=\"elementor-widget-container\">\n\t\t\t\t\t\t\t\t\t\t\t\t\t\t\t<img decoding=\"async\" width=\"800\" height=\"400\" src=\"https:\/\/volteacommunities.com\/wp-content\/uploads\/2024\/03\/Voltea-Ecosystem-2-1024x512.jpg\" class=\"attachment-large size-large wp-image-675\" alt=\"\" srcset=\"https:\/\/volteacommunities.com\/wp-content\/uploads\/2024\/03\/Voltea-Ecosystem-2-1024x512.jpg 1024w, https:\/\/volteacommunities.com\/wp-content\/uploads\/2024\/03\/Voltea-Ecosystem-2-300x150.jpg 300w, https:\/\/volteacommunities.com\/wp-content\/uploads\/2024\/03\/Voltea-Ecosystem-2-768x384.jpg 768w, https:\/\/volteacommunities.com\/wp-content\/uploads\/2024\/03\/Voltea-Ecosystem-2.jpg 1200w\" sizes=\"(max-width: 800px) 100vw, 800px\" \/>\t\t\t\t\t\t\t\t\t\t\t\t\t\t\t<\/div>\n\t\t\t\t<\/div>\n\t\t\t\t<div class=\"elementor-element elementor-element-ff59dba elementor-widget elementor-widget-heading\" data-id=\"ff59dba\" data-element_type=\"widget\" data-e-type=\"widget\" data-widget_type=\"heading.default\">\n\t\t\t\t<div class=\"elementor-widget-container\">\n\t\t\t\t\t<h2 class=\"elementor-heading-title elementor-size-default\">Voltea Ecosystem.<\/h2>\t\t\t\t<\/div>\n\t\t\t\t<\/div>\n\t\t\t\t<div class=\"elementor-element elementor-element-3fce61b elementor-widget__width-initial elementor-widget elementor-widget-text-editor\" data-id=\"3fce61b\" data-element_type=\"widget\" data-e-type=\"widget\" data-widget_type=\"text-editor.default\">\n\t\t\t\t<div class=\"elementor-widget-container\">\n\t\t\t\t\t\t\t\t\t<p>T&#8217;ajudem a crear una comunitat oberta al teu ecosistema d&#8217;innovaci\u00f3 generant un espai ideal per la col\u00b7laboraci\u00f3 entre diferents organitzacions, on compartir informaci\u00f3 clau, aconseguir objectius i reptes comuns, i intercanviar coneixement.<\/p>\n\t\t\t\t\t\t\t\t<\/div>\n\t\t\t\t<\/div>\n\t\t\t\t<div class=\"elementor-element elementor-element-e1b44e4 elementor-align-start elementor-widget__width-initial elementor-icon-list--layout-traditional elementor-list-item-link-full_width elementor-widget elementor-widget-icon-list\" data-id=\"e1b44e4\" data-element_type=\"widget\" data-e-type=\"widget\" data-widget_type=\"icon-list.default\">\n\t\t\t\t<div class=\"elementor-widget-container\">\n\t\t\t\t\t\t\t<ul class=\"elementor-icon-list-items\">\n\t\t\t\t\t\t\t<li class=\"elementor-icon-list-item\">\n\t\t\t\t\t\t\t\t\t\t\t<span class=\"elementor-icon-list-icon\">\n\t\t\t\t\t\t\t<i aria-hidden=\"true\" class=\"fas fa-check\"><\/i>\t\t\t\t\t\t<\/span>\n\t\t\t\t\t\t\t\t\t\t<span class=\"elementor-icon-list-text\">Llan\u00e7a reptes perqu\u00e8 els membres del teu ecosistema busquin una soluci\u00f3 en el problema.<\/span>\n\t\t\t\t\t\t\t\t\t<\/li>\n\t\t\t\t\t\t\t\t<li class=\"elementor-icon-list-item\">\n\t\t\t\t\t\t\t\t\t\t\t<span class=\"elementor-icon-list-icon\">\n\t\t\t\t\t\t\t<i aria-hidden=\"true\" class=\"fas fa-check\"><\/i>\t\t\t\t\t\t<\/span>\n\t\t\t\t\t\t\t\t\t\t<span class=\"elementor-icon-list-text\">Crea projectes col\u00b7laboratius entre organitzacions del teu ecosistema.<\/span>\n\t\t\t\t\t\t\t\t\t<\/li>\n\t\t\t\t\t\t\t\t<li class=\"elementor-icon-list-item\">\n\t\t\t\t\t\t\t\t\t\t\t<span class=\"elementor-icon-list-icon\">\n\t\t\t\t\t\t\t<i aria-hidden=\"true\" class=\"fas fa-check\"><\/i>\t\t\t\t\t\t<\/span>\n\t\t\t\t\t\t\t\t\t\t<span class=\"elementor-icon-list-text\">Identifica noves oportunitats de negoci connectant tot el teu ecosistema en un sol espai.<\/span>\n\t\t\t\t\t\t\t\t\t<\/li>\n\t\t\t\t\t\t<\/ul>\n\t\t\t\t\t\t<\/div>\n\t\t\t\t<\/div>\n\t\t\t\t<div class=\"elementor-element elementor-element-a45a7ef elementor-align-left elementor-widget__width-initial elementor-widget elementor-widget-button\" data-id=\"a45a7ef\" data-element_type=\"widget\" data-e-type=\"widget\" data-widget_type=\"button.default\">\n\t\t\t\t<div class=\"elementor-widget-container\">\n\t\t\t\t\t\t\t\t\t<div class=\"elementor-button-wrapper\">\n\t\t\t\t\t<a class=\"elementor-button elementor-button-link elementor-size-md\" href=\"https:\/\/volteacommunities.com\/ca\/contacte\/\">\n\t\t\t\t\t\t<span class=\"elementor-button-content-wrapper\">\n\t\t\t\t\t\t\t\t\t<span class=\"elementor-button-text\">Contactar<\/span>\n\t\t\t\t\t<\/span>\n\t\t\t\t\t<\/a>\n\t\t\t\t<\/div>\n\t\t\t\t\t\t\t\t<\/div>\n\t\t\t\t<\/div>\n\t\t\t\t\t<\/div>\n\t\t<\/div>\n\t\t\t\t\t<\/div>\n\t\t<\/section>\n\t\t\t\t\t<\/div>\n\t\t<\/div>\n\t\t\t\t\t<\/div>\n\t\t<\/section>\n\t\t\t\t<\/div>\n\t\t","protected":false},"excerpt":{"rendered":"<p>Productes voltea. Voltea Corporate. T&#8217;ajudem a crear una comunitat oberta a tota la teva organitzaci\u00f3. Amb Voltea Corporate no nom\u00e9s podr\u00e0s impulsar la innovaci\u00f3 interna, sin\u00f3 que detectar\u00e0s el talent dels teus treballadors, podr\u00e0s crear cultura d&#8217;innovaci\u00f3 i tra\u00e7ar tota la gesti\u00f3 dels processos d&#8217;innovaci\u00f3 de forma f\u00e0cil i efica\u00e7. Potencia la innovaci\u00f3 dins de [&hellip;]<\/p>\n","protected":false},"author":4,"featured_media":0,"parent":0,"menu_order":0,"comment_status":"closed","ping_status":"closed","template":"","meta":{"footnotes":""},"class_list":["post-989","page","type-page","status-publish","hentry"],"yoast_head":"<!-- This site is optimized with the Yoast SEO Premium plugin v20.11 (Yoast SEO v27.4) - https:\/\/yoast.com\/product\/yoast-seo-premium-wordpress\/ -->\n<title>Serveis per impulsar el valor i el talent de la teva organitzaci\u00f3.<\/title>\n<meta name=\"description\" content=\"Espai exclusiu per llan\u00e7ar reptes, proposar idees i avaluar projectes sorgits de la col\u00b7laboraci\u00f3 entre diferents equips i departaments.\" \/>\n<meta name=\"robots\" content=\"index, follow, max-snippet:-1, max-image-preview:large, max-video-preview:-1\" \/>\n<link rel=\"canonical\" href=\"https:\/\/volteacommunities.com\/ca\/productes\/\" \/>\n<meta property=\"og:locale\" content=\"ca_ES\" \/>\n<meta property=\"og:type\" content=\"article\" \/>\n<meta property=\"og:title\" content=\"Productes\" \/>\n<meta property=\"og:description\" content=\"Espai exclusiu per llan\u00e7ar reptes, proposar idees i avaluar projectes sorgits de la col\u00b7laboraci\u00f3 entre diferents equips i departaments.\" \/>\n<meta property=\"og:url\" content=\"https:\/\/volteacommunities.com\/ca\/productes\/\" \/>\n<meta property=\"og:site_name\" content=\"Voltea\" \/>\n<meta property=\"article:modified_time\" content=\"2024-05-16T09:02:46+00:00\" \/>\n<meta property=\"og:image\" content=\"https:\/\/volteacommunities.com\/wp-content\/uploads\/2024\/03\/producto-1024x512.jpg\" \/>\n<meta name=\"twitter:card\" content=\"summary_large_image\" \/>\n<meta name=\"twitter:label1\" content=\"Temps estimat de lectura\" \/>\n\t<meta name=\"twitter:data1\" content=\"1 minut\" \/>\n<script type=\"application\/ld+json\" class=\"yoast-schema-graph\">{\"@context\":\"https:\\\/\\\/schema.org\",\"@graph\":[{\"@type\":\"WebPage\",\"@id\":\"https:\\\/\\\/volteacommunities.com\\\/ca\\\/productes\\\/\",\"url\":\"https:\\\/\\\/volteacommunities.com\\\/ca\\\/productes\\\/\",\"name\":\"Serveis per impulsar el valor i el talent de la teva organitzaci\u00f3.\",\"isPartOf\":{\"@id\":\"https:\\\/\\\/volteacommunities.com\\\/#website\"},\"primaryImageOfPage\":{\"@id\":\"https:\\\/\\\/volteacommunities.com\\\/ca\\\/productes\\\/#primaryimage\"},\"image\":{\"@id\":\"https:\\\/\\\/volteacommunities.com\\\/ca\\\/productes\\\/#primaryimage\"},\"thumbnailUrl\":\"https:\\\/\\\/volteacommunities.com\\\/wp-content\\\/uploads\\\/2024\\\/03\\\/producto-1024x512.jpg\",\"datePublished\":\"2024-03-25T16:43:27+00:00\",\"dateModified\":\"2024-05-16T09:02:46+00:00\",\"description\":\"Espai exclusiu per llan\u00e7ar reptes, proposar idees i avaluar projectes sorgits de la col\u00b7laboraci\u00f3 entre diferents equips i departaments.\",\"breadcrumb\":{\"@id\":\"https:\\\/\\\/volteacommunities.com\\\/ca\\\/productes\\\/#breadcrumb\"},\"inLanguage\":\"ca\",\"potentialAction\":[{\"@type\":\"ReadAction\",\"target\":[\"https:\\\/\\\/volteacommunities.com\\\/ca\\\/productes\\\/\"]}]},{\"@type\":\"ImageObject\",\"inLanguage\":\"ca\",\"@id\":\"https:\\\/\\\/volteacommunities.com\\\/ca\\\/productes\\\/#primaryimage\",\"url\":\"https:\\\/\\\/volteacommunities.com\\\/wp-content\\\/uploads\\\/2024\\\/03\\\/producto-1024x512.jpg\",\"contentUrl\":\"https:\\\/\\\/volteacommunities.com\\\/wp-content\\\/uploads\\\/2024\\\/03\\\/producto-1024x512.jpg\"},{\"@type\":\"BreadcrumbList\",\"@id\":\"https:\\\/\\\/volteacommunities.com\\\/ca\\\/productes\\\/#breadcrumb\",\"itemListElement\":[{\"@type\":\"ListItem\",\"position\":1,\"name\":\"Portada\",\"item\":\"https:\\\/\\\/volteacommunities.com\\\/ca\\\/inici\\\/\"},{\"@type\":\"ListItem\",\"position\":2,\"name\":\"Productes\"}]},{\"@type\":\"WebSite\",\"@id\":\"https:\\\/\\\/volteacommunities.com\\\/#website\",\"url\":\"https:\\\/\\\/volteacommunities.com\\\/\",\"name\":\"Voltea\",\"description\":\"Colaboraci&oacute;n e innovaci&oacute;n para tu negocio\",\"potentialAction\":[{\"@type\":\"SearchAction\",\"target\":{\"@type\":\"EntryPoint\",\"urlTemplate\":\"https:\\\/\\\/volteacommunities.com\\\/?s={search_term_string}\"},\"query-input\":{\"@type\":\"PropertyValueSpecification\",\"valueRequired\":true,\"valueName\":\"search_term_string\"}}],\"inLanguage\":\"ca\"}]}<\/script>\n<!-- \/ Yoast SEO Premium plugin. -->","yoast_head_json":{"title":"Serveis per impulsar el valor i el talent de la teva organitzaci\u00f3.","description":"Espai exclusiu per llan\u00e7ar reptes, proposar idees i avaluar projectes sorgits de la col\u00b7laboraci\u00f3 entre diferents equips i departaments.","robots":{"index":"index","follow":"follow","max-snippet":"max-snippet:-1","max-image-preview":"max-image-preview:large","max-video-preview":"max-video-preview:-1"},"canonical":"https:\/\/volteacommunities.com\/ca\/productes\/","og_locale":"ca_ES","og_type":"article","og_title":"Productes","og_description":"Espai exclusiu per llan\u00e7ar reptes, proposar idees i avaluar projectes sorgits de la col\u00b7laboraci\u00f3 entre diferents equips i departaments.","og_url":"https:\/\/volteacommunities.com\/ca\/productes\/","og_site_name":"Voltea","article_modified_time":"2024-05-16T09:02:46+00:00","og_image":[{"url":"https:\/\/volteacommunities.com\/wp-content\/uploads\/2024\/03\/producto-1024x512.jpg","type":"","width":"","height":""}],"twitter_card":"summary_large_image","twitter_misc":{"Temps estimat de lectura":"1 minut"},"schema":{"@context":"https:\/\/schema.org","@graph":[{"@type":"WebPage","@id":"https:\/\/volteacommunities.com\/ca\/productes\/","url":"https:\/\/volteacommunities.com\/ca\/productes\/","name":"Serveis per impulsar el valor i el talent de la teva organitzaci\u00f3.","isPartOf":{"@id":"https:\/\/volteacommunities.com\/#website"},"primaryImageOfPage":{"@id":"https:\/\/volteacommunities.com\/ca\/productes\/#primaryimage"},"image":{"@id":"https:\/\/volteacommunities.com\/ca\/productes\/#primaryimage"},"thumbnailUrl":"https:\/\/volteacommunities.com\/wp-content\/uploads\/2024\/03\/producto-1024x512.jpg","datePublished":"2024-03-25T16:43:27+00:00","dateModified":"2024-05-16T09:02:46+00:00","description":"Espai exclusiu per llan\u00e7ar reptes, proposar idees i avaluar projectes sorgits de la col\u00b7laboraci\u00f3 entre diferents equips i departaments.","breadcrumb":{"@id":"https:\/\/volteacommunities.com\/ca\/productes\/#breadcrumb"},"inLanguage":"ca","potentialAction":[{"@type":"ReadAction","target":["https:\/\/volteacommunities.com\/ca\/productes\/"]}]},{"@type":"ImageObject","inLanguage":"ca","@id":"https:\/\/volteacommunities.com\/ca\/productes\/#primaryimage","url":"https:\/\/volteacommunities.com\/wp-content\/uploads\/2024\/03\/producto-1024x512.jpg","contentUrl":"https:\/\/volteacommunities.com\/wp-content\/uploads\/2024\/03\/producto-1024x512.jpg"},{"@type":"BreadcrumbList","@id":"https:\/\/volteacommunities.com\/ca\/productes\/#breadcrumb","itemListElement":[{"@type":"ListItem","position":1,"name":"Portada","item":"https:\/\/volteacommunities.com\/ca\/inici\/"},{"@type":"ListItem","position":2,"name":"Productes"}]},{"@type":"WebSite","@id":"https:\/\/volteacommunities.com\/#website","url":"https:\/\/volteacommunities.com\/","name":"Voltea","description":"Colaboraci&oacute;n e innovaci&oacute;n para tu negocio","potentialAction":[{"@type":"SearchAction","target":{"@type":"EntryPoint","urlTemplate":"https:\/\/volteacommunities.com\/?s={search_term_string}"},"query-input":{"@type":"PropertyValueSpecification","valueRequired":true,"valueName":"search_term_string"}}],"inLanguage":"ca"}]}},"_links":{"self":[{"href":"https:\/\/volteacommunities.com\/ca\/wp-json\/wp\/v2\/pages\/989","targetHints":{"allow":["GET"]}}],"collection":[{"href":"https:\/\/volteacommunities.com\/ca\/wp-json\/wp\/v2\/pages"}],"about":[{"href":"https:\/\/volteacommunities.com\/ca\/wp-json\/wp\/v2\/types\/page"}],"author":[{"embeddable":true,"href":"https:\/\/volteacommunities.com\/ca\/wp-json\/wp\/v2\/users\/4"}],"replies":[{"embeddable":true,"href":"https:\/\/volteacommunities.com\/ca\/wp-json\/wp\/v2\/comments?post=989"}],"version-history":[{"count":5,"href":"https:\/\/volteacommunities.com\/ca\/wp-json\/wp\/v2\/pages\/989\/revisions"}],"predecessor-version":[{"id":1029,"href":"https:\/\/volteacommunities.com\/ca\/wp-json\/wp\/v2\/pages\/989\/revisions\/1029"}],"wp:attachment":[{"href":"https:\/\/volteacommunities.com\/ca\/wp-json\/wp\/v2\/media?parent=989"}],"curies":[{"name":"wp","href":"https:\/\/api.w.org\/{rel}","templated":true}]}}